
{"id":68,"date":"2023-07-10T18:46:08","date_gmt":"2023-07-10T16:46:08","guid":{"rendered":"https:\/\/halb-it-solutions.de\/?page_id=68"},"modified":"2023-07-10T18:46:08","modified_gmt":"2023-07-10T16:46:08","slug":"beraterprofil-andree-herrmann","status":"publish","type":"page","link":"https:\/\/halb-it-solutions.de\/?page_id=68","title":{"rendered":"Beraterprofil Andree Herrmann"},"content":{"rendered":"\n<figure class=\"wp-block-image size-large is-resized\"><img loading=\"lazy\" decoding=\"async\" src=\"https:\/\/halb-it-solutions.de\/wp-content\/uploads\/2023\/07\/Andree_Herrmann-683x1024.jpg\" alt=\"\" class=\"wp-image-72\" width=\"118\" height=\"177\" srcset=\"https:\/\/halb-it-solutions.de\/wp-content\/uploads\/2023\/07\/Andree_Herrmann-683x1024.jpg 683w, https:\/\/halb-it-solutions.de\/wp-content\/uploads\/2023\/07\/Andree_Herrmann-200x300.jpg 200w, https:\/\/halb-it-solutions.de\/wp-content\/uploads\/2023\/07\/Andree_Herrmann-768x1152.jpg 768w, https:\/\/halb-it-solutions.de\/wp-content\/uploads\/2023\/07\/Andree_Herrmann-1024x1536.jpg 1024w, https:\/\/halb-it-solutions.de\/wp-content\/uploads\/2023\/07\/Andree_Herrmann-1365x2048.jpg 1365w, https:\/\/halb-it-solutions.de\/wp-content\/uploads\/2023\/07\/Andree_Herrmann-1170x1755.jpg 1170w, https:\/\/halb-it-solutions.de\/wp-content\/uploads\/2023\/07\/Andree_Herrmann-scaled.jpg 1707w\" sizes=\"auto, (max-width: 118px) 100vw, 118px\" \/><\/figure>\n\n\n\n<h2 class=\"wp-block-heading\">Pers\u00f6nliches<\/h2>\n\n\n\n<p>Ich bin ein Kind der 80er aus Bremen, gelernter technischer Assistent f\u00fcr Informatik und habe mehr als 15 Jahre IT Erfahrung sammeln d\u00fcrfen.<br>Bis Datum habe ich f\u00fcr jedes IT-Problem eine L\u00f6sung gefunden.<br>Trotz einiger Schwerpunkt Themen in der IT, w\u00fcrde ich mich selbst als Allrounder bezeichnen.<\/p>\n\n\n\n<h2 class=\"wp-block-heading\">Erfahrung<\/h2>\n\n\n\n<p><strong>IT-Kenntnisse\/Qualifikationen:<\/strong><br>ITIL, Netzwerk Technik, Windows\/Linux Systeme,<br>Active Directory, GPOs, Einrichtung und<br>Konfiguration von Firewalls und Switchen. ( Hersteller: Cisco, Fortinet, HP, Ubiquiti und andere )<br>MySQL, MSSQL, Web Server, Web Design,<br>PHP, C++, Python,<br>Remedy (CISM)<\/p>\n\n\n\n<p><strong>ITSM:<\/strong><br>Servity (ehem. IT-SPS), TOPdesk, Omnitracker,<br>Matrix42, iTop<\/p>\n\n\n\n<p><strong>Sonstige Software:<\/strong><br>Veeam Backup, VMware, Lansweeper<\/p>\n\n\n\n<p><strong>Zertifikate\/Auszeichnungen:<\/strong><br>ITIL v3, Microsoft Network<br>Service-Techniker f\u00fcr:<br>Lenovo, HP, Dell<br>Ricoh Printer Service V1 u. V2<br>Service Senior Field Agent (Telekom)<br>Flug Training zertifiziert f\u00fcr Airbus A320, A321 und A330 im Lufthansa Flugsimulator<\/p>\n","protected":false},"excerpt":{"rendered":"<p>Pers\u00f6nliches Ich bin ein Kind der 80er aus Bremen, gelernter technischer Assistent f\u00fcr Informatik und habe mehr als 15 Jahre IT Erfahrung sammeln d\u00fcrfen.Bis Datum habe ich f\u00fcr jedes IT-Problem eine L\u00f6sung gefunden.Trotz einiger Schwerpunkt Themen in der IT, w\u00fcrde&#8230;<br \/><a class=\"read-more-button\" href=\"https:\/\/halb-it-solutions.de\/?page_id=68\">Read more<\/a><\/p>\n","protected":false},"author":1,"featured_media":0,"parent":0,"menu_order":0,"comment_status":"closed","ping_status":"closed","template":"","meta":{"footnotes":""},"class_list":["post-68","page","type-page","status-publish","hentry"],"_links":{"self":[{"href":"https:\/\/halb-it-solutions.de\/index.php?rest_route=\/wp\/v2\/pages\/68","targetHints":{"allow":["GET"]}}],"collection":[{"href":"https:\/\/halb-it-solutions.de\/index.php?rest_route=\/wp\/v2\/pages"}],"about":[{"href":"https:\/\/halb-it-solutions.de\/index.php?rest_route=\/wp\/v2\/types\/page"}],"author":[{"embeddable":true,"href":"https:\/\/halb-it-solutions.de\/index.php?rest_route=\/wp\/v2\/users\/1"}],"replies":[{"embeddable":true,"href":"https:\/\/halb-it-solutions.de\/index.php?rest_route=%2Fwp%2Fv2%2Fcomments&post=68"}],"version-history":[{"count":3,"href":"https:\/\/halb-it-solutions.de\/index.php?rest_route=\/wp\/v2\/pages\/68\/revisions"}],"predecessor-version":[{"id":73,"href":"https:\/\/halb-it-solutions.de\/index.php?rest_route=\/wp\/v2\/pages\/68\/revisions\/73"}],"wp:attachment":[{"href":"https:\/\/halb-it-solutions.de\/index.php?rest_route=%2Fwp%2Fv2%2Fmedia&parent=68"}],"curies":[{"name":"wp","href":"https:\/\/api.w.org\/{rel}","templated":true}]}}