
{"id":30,"date":"2023-07-03T15:49:07","date_gmt":"2023-07-03T13:49:07","guid":{"rendered":"https:\/\/halb-it-solutions.de\/?page_id=30"},"modified":"2023-07-03T15:49:07","modified_gmt":"2023-07-03T13:49:07","slug":"das-macht-uns-aus","status":"publish","type":"page","link":"https:\/\/halb-it-solutions.de\/?page_id=30","title":{"rendered":"Das macht uns aus"},"content":{"rendered":"\n<p><strong>Erfahrung<\/strong><br>Wir bieten unsere Beratung in Bereichen an, in denen wir jahrelange Erfahrung in unz\u00e4hligen Unternehmen und Projekten haben. <\/p>\n\n\n\n<p><strong>Neutralit\u00e4t<\/strong><br>Wir verfolgen bewusst einen unabh\u00e4ngigen Ansatz, d.h. wir gehen keinerlei Kooperationen mit Herstellern bzw. Anbietern von Hardware oder Software ein.<br>Wir verkaufen deshalb weder Hardware noch Software.<br>So bleiben wir neutral und k\u00f6nnen Sie ohne Scheuklappen ergebnisoffen und ehrlich beraten und Sie unterst\u00fctzen, die passenden Hard- und Software L\u00f6sungen auf dem Markt auszuw\u00e4hlen.<\/p>\n\n\n\n<p><strong>Anforderungsorientiert<\/strong><br>Haben Sie sich auch schon einmal gefragt wof\u00fcr genau sie eigentlich AI im LAN brauchen?<br>Warum ihre Server &#8222;Cloud-Ready&#8220; sein m\u00fcssen? Und was genau bedeutet es eigentlich wenn ihr WAN jetzt &#8222;Software-Defined&#8220; ist?<br>Wir orientieren uns nicht am neuesten Trend &#8211; Sondern an dem was Sie brauchen, an Ihren Anforderungen. Gemeinsam erarbeiten wir mit Ihnen die beste L\u00f6sung f\u00fcr diese Anforderungen &#8211; ganz ohne Bullshit-Bingo.<\/p>\n\n\n\n<p><strong>Hands-On Mentalit\u00e4t<\/strong><br>Sie brauchen Unterst\u00fctzung bei der Umsetzung der Konzepte? Wir packen gerne in allen Phasen mit an.<br>Wir helfen bei der Anfertigung von Low-Level Designs und Dokumentation, bei der Planung von Changes, bereiten mit Ihnen Konfigurations\u00e4nderungen vor und machen auf Wunsch auch selbst &#8222;conf t&#8220;.<\/p>\n\n\n\n<p><strong>Wissenstransfer<\/strong> <strong>&amp; Gemeinsames arbeiten<\/strong><br>Produkt &#8222;von der Stange&#8220; hingestellt und keiner kann es bedienen? Sowas gibt es bei uns nicht. <br>Wir erarbeiten die L\u00f6sungen mit Ihnen gemeinsam und sorgen f\u00fcr einen Wissenstransfer.<br>Unser Ziel ist, dass Sie mit uns eingef\u00fchrte Konzepte und technische L\u00f6sungen auch eigenst\u00e4ndig umsetzen und betreiben k\u00f6nnen.<\/p>\n","protected":false},"excerpt":{"rendered":"<p>ErfahrungWir bieten unsere Beratung in Bereichen an, in denen wir jahrelange Erfahrung in unz\u00e4hligen Unternehmen und Projekten haben. Neutralit\u00e4tWir verfolgen bewusst einen unabh\u00e4ngigen Ansatz, d.h. wir gehen keinerlei Kooperationen mit Herstellern bzw. Anbietern von Hardware oder Software ein.Wir verkaufen deshalb&#8230;<br \/><a class=\"read-more-button\" href=\"https:\/\/halb-it-solutions.de\/?page_id=30\">Read more<\/a><\/p>\n","protected":false},"author":1,"featured_media":0,"parent":0,"menu_order":0,"comment_status":"closed","ping_status":"closed","template":"","meta":{"footnotes":""},"class_list":["post-30","page","type-page","status-publish","hentry"],"_links":{"self":[{"href":"https:\/\/halb-it-solutions.de\/index.php?rest_route=\/wp\/v2\/pages\/30","targetHints":{"allow":["GET"]}}],"collection":[{"href":"https:\/\/halb-it-solutions.de\/index.php?rest_route=\/wp\/v2\/pages"}],"about":[{"href":"https:\/\/halb-it-solutions.de\/index.php?rest_route=\/wp\/v2\/types\/page"}],"author":[{"embeddable":true,"href":"https:\/\/halb-it-solutions.de\/index.php?rest_route=\/wp\/v2\/users\/1"}],"replies":[{"embeddable":true,"href":"https:\/\/halb-it-solutions.de\/index.php?rest_route=%2Fwp%2Fv2%2Fcomments&post=30"}],"version-history":[{"count":10,"href":"https:\/\/halb-it-solutions.de\/index.php?rest_route=\/wp\/v2\/pages\/30\/revisions"}],"predecessor-version":[{"id":45,"href":"https:\/\/halb-it-solutions.de\/index.php?rest_route=\/wp\/v2\/pages\/30\/revisions\/45"}],"wp:attachment":[{"href":"https:\/\/halb-it-solutions.de\/index.php?rest_route=%2Fwp%2Fv2%2Fmedia&parent=30"}],"curies":[{"name":"wp","href":"https:\/\/api.w.org\/{rel}","templated":true}]}}