
{"id":20,"date":"2023-07-03T16:06:10","date_gmt":"2023-07-03T14:06:10","guid":{"rendered":"https:\/\/halb-it-solutions.de\/?page_id=20"},"modified":"2023-07-03T16:06:10","modified_gmt":"2023-07-03T14:06:10","slug":"beraterprofil-bjoern-liebel","status":"publish","type":"page","link":"https:\/\/halb-it-solutions.de\/?page_id=20","title":{"rendered":"Beraterprofil Bj\u00f6rn Liebel"},"content":{"rendered":"\n<figure class=\"wp-block-image size-large is-resized\"><img loading=\"lazy\" decoding=\"async\" src=\"https:\/\/halb-it-solutions.de\/wp-content\/uploads\/2023\/07\/BL_Potraet-e1688393126716-871x1024.jpg\" alt=\"\" class=\"wp-image-56\" width=\"160\" height=\"188\" srcset=\"https:\/\/halb-it-solutions.de\/wp-content\/uploads\/2023\/07\/BL_Potraet-e1688393126716-871x1024.jpg 871w, https:\/\/halb-it-solutions.de\/wp-content\/uploads\/2023\/07\/BL_Potraet-e1688393126716-255x300.jpg 255w, https:\/\/halb-it-solutions.de\/wp-content\/uploads\/2023\/07\/BL_Potraet-e1688393126716-768x903.jpg 768w, https:\/\/halb-it-solutions.de\/wp-content\/uploads\/2023\/07\/BL_Potraet-e1688393126716-1306x1536.jpg 1306w, https:\/\/halb-it-solutions.de\/wp-content\/uploads\/2023\/07\/BL_Potraet-e1688393126716.jpg 1431w\" sizes=\"auto, (max-width: 160px) 100vw, 160px\" \/><\/figure>\n\n\n\n<h2 class=\"wp-block-heading\">Pers\u00f6nliches<\/h2>\n\n\n\n<p>Geboren 1991 in Bremen.<br>Lebt aktuell in Hamburg.<\/p>\n\n\n\n<h2 class=\"wp-block-heading\">Werdegang<\/h2>\n\n\n\n<p>Abschluss Mathematik Vollfach im Jahr 2016.<br>Seit 2016 im Bereich IT-Netzwerktechnik t\u00e4tig. Zun\u00e4chst t\u00e4tig als Netzwerkadministrator, Seit 2018 als Spezialist und seit 2020 als Berater und Architekt.<\/p>\n\n\n\n<h2 class=\"wp-block-heading\">Erfahrung<\/h2>\n\n\n\n<p><strong>Netzwerkarchitektur<\/strong><br>Schlagworte: Modulares Design, Zoning &amp; Segmentierung, Campus LAN Design (Routed Access, &#8222;V-Design&#8220;, &#8222;Stern-Design&#8220; mit Stacking Techniken) Wireless Architektur (WLAN), Double-Side vPC\/MLAG (Datacenter), Leaf-Spine (Datacenter)<\/p>\n\n\n\n<p><strong>Netzwerksicherheit<br><\/strong>Erfahrung in der Konzeption und Umsetzung von Netzwerksicherheit (Insbesondere auch im Bankenumfeld) <\/p>\n\n\n\n<p><strong>Konfiguration<\/strong><br>Schlagworte: Cisco IOS(-XE)\/NXOS, ArubaOS, Forti-OS, PAN-OS, Securepoint, F5 Big-IP LTM<\/p>\n\n\n\n<p><strong>Technik<\/strong><br>Datacenter: VXLAN BGP EVPN, vPC, MLAG<br>Routing: OSPF, BGP, VRRP\/HSRP, VRF<br>Wireless LAN: 802.11ax , Wireless Security, Ausleuchtung(Ekehau)<br>Security: Firewalling L4\/Application, NAC<strong><br><\/strong>Automatisierung: Erstellen und deployen von Netzwerkkonfigurationen mit Python<\/p>\n\n\n\n<p><\/p>\n","protected":false},"excerpt":{"rendered":"<p>Pers\u00f6nliches Geboren 1991 in Bremen.Lebt aktuell in Hamburg. Werdegang Abschluss Mathematik Vollfach im Jahr 2016.Seit 2016 im Bereich IT-Netzwerktechnik t\u00e4tig. Zun\u00e4chst t\u00e4tig als Netzwerkadministrator, Seit 2018 als Spezialist und seit 2020 als Berater und Architekt. Erfahrung NetzwerkarchitekturSchlagworte: Modulares Design, Zoning&#8230;<br \/><a class=\"read-more-button\" href=\"https:\/\/halb-it-solutions.de\/?page_id=20\">Read more<\/a><\/p>\n","protected":false},"author":1,"featured_media":0,"parent":0,"menu_order":0,"comment_status":"closed","ping_status":"closed","template":"","meta":{"footnotes":""},"class_list":["post-20","page","type-page","status-publish","hentry"],"_links":{"self":[{"href":"https:\/\/halb-it-solutions.de\/index.php?rest_route=\/wp\/v2\/pages\/20","targetHints":{"allow":["GET"]}}],"collection":[{"href":"https:\/\/halb-it-solutions.de\/index.php?rest_route=\/wp\/v2\/pages"}],"about":[{"href":"https:\/\/halb-it-solutions.de\/index.php?rest_route=\/wp\/v2\/types\/page"}],"author":[{"embeddable":true,"href":"https:\/\/halb-it-solutions.de\/index.php?rest_route=\/wp\/v2\/users\/1"}],"replies":[{"embeddable":true,"href":"https:\/\/halb-it-solutions.de\/index.php?rest_route=%2Fwp%2Fv2%2Fcomments&post=20"}],"version-history":[{"count":9,"href":"https:\/\/halb-it-solutions.de\/index.php?rest_route=\/wp\/v2\/pages\/20\/revisions"}],"predecessor-version":[{"id":57,"href":"https:\/\/halb-it-solutions.de\/index.php?rest_route=\/wp\/v2\/pages\/20\/revisions\/57"}],"wp:attachment":[{"href":"https:\/\/halb-it-solutions.de\/index.php?rest_route=%2Fwp%2Fv2%2Fmedia&parent=20"}],"curies":[{"name":"wp","href":"https:\/\/api.w.org\/{rel}","templated":true}]}}